{"id":4085,"date":"2024-12-22T23:51:40","date_gmt":"2024-12-22T23:51:40","guid":{"rendered":"https:\/\/www.jhonpipeline.com\/?page_id=4085"},"modified":"2025-03-09T13:10:44","modified_gmt":"2025-03-09T13:10:44","slug":"careers","status":"publish","type":"page","link":"https:\/\/www.jhonpipeline.com\/fr\/careers\/","title":{"rendered":"Carri\u00e8res"},"content":{"rendered":"<div class=\"wpb-content-wrapper\"><div class=\"vc_row wpb_row vc_row-fluid\"><div class=\"container\"><div class=\"row\"><div class=\"wpb_column vc_column_container vc_col-sm-12\"><div class=\"vc_column-inner\"><div class=\"wpb_wrapper\"><div class=\"mf-empty-space\" style=\"\"><div class=\"mf_empty_space_lg\"  style=\"height: 80px\"><\/div><div class=\"mf_empty_space_md\"  style=\"height: 50px\"><\/div><div class=\"mf_empty_space_xs\"  style=\"height: 50px\"><\/div><\/div><div class=\"mf-section-title text-left dark large-size\"><h2 >Rejoignez notre \u00e9quipe<\/h2><\/div><div class=\"mf-empty-space\" style=\"\"><div class=\"mf_empty_space_lg\"  style=\"height: 50px\"><\/div><div class=\"mf_empty_space_md\"  style=\"height: 30px\"><\/div><div class=\"mf_empty_space_xs\"  style=\"height: 30px\"><\/div><\/div><div class=\"vc_row wpb_row vc_inner vc_row-fluid\"><div class=\"wpb_column vc_column_container vc_col-sm-12 vc_col-lg-4 vc_col-md-6\"><div class=\"vc_column-inner vc_custom_1510222988682\"><div class=\"wpb_wrapper\">\n\t<div  class=\"wpb_single_image wpb_content_element vc_align_left wpb_content_element\">\n\t\t\n\t\t<figure class=\"wpb_wrapper vc_figure\">\n\t\t\t<div class=\"vc_single_image-wrapper   vc_box_border_grey\"><img decoding=\"async\" class=\"vc_single_image-img\" src=\"https:\/\/www.jhonpipeline.com\/wp-content\/uploads\/2024\/12\/jhonpipeline-1-261x273.jpg\" width=\"261\" height=\"273\" alt=\"jhonpipeline (1)\" title=\"jhonpipeline (1)\" loading=\"lazy\" \/><\/div>\n\t\t<\/figure>\n\t<\/div>\n<\/div><\/div><\/div><div class=\"wpb_column vc_column_container vc_col-sm-12 vc_col-lg-8 vc_col-md-6\"><div class=\"vc_column-inner\"><div class=\"wpb_wrapper\"><h3 style=\"text-align: left\" class=\"vc_custom_heading vc_do_custom_heading fw-medium vc_custom_1741525837602\" >Etant une entreprise en plein essor, nous touchons presque tous les aspects de la vie quotidienne. En nous rejoignant vous aurez une carri\u00e8re enrichissante avec des opportunit\u00e9s de croissance et d\u2019impact.<\/h3><div class=\"mf-empty-space\" style=\"\"><div class=\"mf_empty_space_lg\"  style=\"height: 30px\"><\/div><div class=\"mf_empty_space_md\"  style=\"height: 30px\"><\/div><div class=\"mf_empty_space_xs\"  style=\"height: 30px\"><\/div><\/div>\n\t<div class=\"wpb_text_column wpb_content_element\" >\n\t\t<div class=\"wpb_wrapper\">\n\t\t\t<div class=\"elementor-element elementor-element-ff5b937 elementor-widget elementor-widget-text-editor\" data-id=\"ff5b937\" data-element_type=\"widget\" data-widget_type=\"text-editor.default\">\n<div class=\"elementor-widget-container\">\n<section class=\"section---hero-interior section\" data-w-id=\"2328d311-d45e-543a-61f9-b9ea988aca3b\" data-wf-id=\"&#091;&quot;3c4e0009-2003-03d7-7527-843993190269&quot;,&quot;2328d311-d45e-543a-61f9-b9ea988aca3b&quot;&#093;\">\n<div class=\"container-1140 w-container\" data-w-id=\"2328d311-d45e-543a-61f9-b9ea988aca3c\" data-wf-id=\"&#091;&quot;3c4e0009-2003-03d7-7527-843993190269&quot;,&quot;2328d311-d45e-543a-61f9-b9ea988aca3c&quot;&#093;\">\n<div class=\"hero-interior-wrapper\" data-w-id=\"2328d311-d45e-543a-61f9-b9ea988aca3d\" data-wf-id=\"&#091;&quot;3c4e0009-2003-03d7-7527-843993190269&quot;,&quot;2328d311-d45e-543a-61f9-b9ea988aca3d&quot;&#093;\">\n<p data-w-id=\"2328d311-d45e-543a-61f9-b9ea988aca42\" data-wf-id=\"&#091;&quot;3c4e0009-2003-03d7-7527-843993190269&quot;,&quot;2328d311-d45e-543a-61f9-b9ea988aca42&quot;&#093;\">C\u2019est le moment id\u00e9al pour nous rejoindre et b\u00e2tir votre carri\u00e8re au rythme du d\u00e9veloppement des infrastructures ivoiriennes. Forts de nombreuses ann\u00e9es d\u2019exp\u00e9rience et de savoir-faire, nous vous offrons l\u2019opportunit\u00e9 de vous \u00e9panouir professionnellement chez Jhon Pipeline. Gr\u00e2ce \u00e0 notre pr\u00e9sence \u00e0 l'\u00e9chelle nationale, nous offrons de nombreuses opportunit\u00e9s.<\/p>\n<\/div>\n<\/div>\n<\/section>\n<\/div>\n<\/div>\n\n\t\t<\/div>\n\t<\/div>\n<div class=\"mf-empty-space\" style=\"\"><div class=\"mf_empty_space_lg\"  style=\"height: 33px\"><\/div><div class=\"mf_empty_space_md\"  style=\"height: 30px\"><\/div><div class=\"mf_empty_space_xs\"  style=\"height: 30px\"><\/div><\/div><div class=\"mf-button align-left style-1\"><a class=\"button mf-btn\" href=\"https:\/\/www.jhonpipeline.com\/fr\/contacts\/\">Contactez-nous<\/a><\/div><\/div><\/div><\/div><\/div><div class=\"mf-empty-space\" style=\"\"><div class=\"mf_empty_space_lg\"  style=\"height: 80px\"><\/div><div class=\"mf_empty_space_md\"  style=\"height: 50px\"><\/div><div class=\"mf_empty_space_xs\"  style=\"height: 50px\"><\/div><\/div><\/div><\/div><\/div><\/div><\/div><\/div><div class=\"vc_row wpb_row vc_row-fluid vc_custom_1734856808416 vc_row-has-fill\"><div class=\"container\"><div class=\"row\"><div class=\"wpb_column vc_column_container vc_col-sm-12\"><div class=\"vc_column-inner\"><div class=\"wpb_wrapper\"><div class=\"mf-empty-space\" style=\"\"><div class=\"mf_empty_space_lg\"  style=\"height: 80px\"><\/div><div class=\"mf_empty_space_md\"  style=\"height: 50px\"><\/div><div class=\"mf_empty_space_xs\"  style=\"height: 50px\"><\/div><\/div><div class=\"vc_row wpb_row vc_inner vc_row-fluid\"><div class=\"wpb_column vc_column_container vc_col-sm-12 vc_col-lg-3 vc_col-md-12\"><div class=\"vc_column-inner\"><div class=\"wpb_wrapper\"><div class=\"mf-section-title text-left dark large-size\"><h2 >NOS VALEURS NOUS DEFINISSENT<\/h2><\/div><div class=\"mf-empty-space\" style=\"\"><div class=\"mf_empty_space_lg\"  style=\"height: 45px\"><\/div><div class=\"mf_empty_space_md\"  style=\"height: 45px\"><\/div><div class=\"mf_empty_space_xs\"  style=\"height: 45px\"><\/div><\/div>\n\t<div class=\"wpb_text_column wpb_content_element\" >\n\t\t<div class=\"wpb_wrapper\">\n\t\t\t<div class=\"elementor-element elementor-element-f1d1132 elementor-widget elementor-widget-text-editor\" data-id=\"f1d1132\" data-element_type=\"widget\" data-widget_type=\"text-editor.default\">\n<div class=\"elementor-widget-container\">\n<section class=\"section---hero-interior section\" data-w-id=\"2328d311-d45e-543a-61f9-b9ea988aca3b\" data-wf-id=\"&#091;&quot;3c4e0009-2003-03d7-7527-843993190269&quot;,&quot;2328d311-d45e-543a-61f9-b9ea988aca3b&quot;&#093;\">\n<div class=\"container-1140 w-container\" data-w-id=\"2328d311-d45e-543a-61f9-b9ea988aca3c\" data-wf-id=\"&#091;&quot;3c4e0009-2003-03d7-7527-843993190269&quot;,&quot;2328d311-d45e-543a-61f9-b9ea988aca3c&quot;&#093;\">\n<div class=\"hero-interior-wrapper\" data-w-id=\"2328d311-d45e-543a-61f9-b9ea988aca3d\" data-wf-id=\"&#091;&quot;3c4e0009-2003-03d7-7527-843993190269&quot;,&quot;2328d311-d45e-543a-61f9-b9ea988aca3d&quot;&#093;\">\n<p>Nous croyons au pouvoir d'une personne, d'une \u00e9quipe et d'une entreprise unies pour \u0153uvrer \u00e0 un objectif commun. Nos membres fondateurs ont pos\u00e9 des bases solides sur lesquelles nous continuons de cro\u00eetre, de nous am\u00e9liorer et de rayonner.<\/p>\n<\/div>\n<\/div>\n<\/section>\n<\/div>\n<\/div>\n\n\t\t<\/div>\n\t<\/div>\n<div class=\"mf-empty-space\" style=\"\"><div class=\"mf_empty_space_lg\"  style=\"height: 80px\"><\/div><div class=\"mf_empty_space_md\"  style=\"height: 50px\"><\/div><div class=\"mf_empty_space_xs\"  style=\"height: 50px\"><\/div><\/div><\/div><\/div><\/div><div class=\"wpb_column vc_column_container vc_col-sm-12 vc_col-lg-9 vc_col-md-12\" id=\"customicon\"><div class=\"vc_column-inner\"><div class=\"wpb_wrapper\"><div class=\"mf-services-3 style-2\">\n                <div class=\"services-list clearfix\"><div class=\"vc_service-wrapper\"><span class=\"mf-icon\"><img loading=\"lazy\" decoding=\"async\" width=\"512\" height=\"512\" src=\"https:\/\/www.jhonpipeline.com\/wp-content\/uploads\/2025\/03\/social-responsibility.png\" class=\"img-icon\" alt=\"\" srcset=\"https:\/\/www.jhonpipeline.com\/wp-content\/uploads\/2025\/03\/social-responsibility.png 512w, https:\/\/www.jhonpipeline.com\/wp-content\/uploads\/2025\/03\/social-responsibility-300x300.png 300w, https:\/\/www.jhonpipeline.com\/wp-content\/uploads\/2025\/03\/social-responsibility-150x150.png 150w, https:\/\/www.jhonpipeline.com\/wp-content\/uploads\/2025\/03\/social-responsibility-90x90.png 90w\" sizes=\"auto, (max-width: 512px) 100vw, 512px\" \/><\/span><h3><a href=\"https:\/\/www.jhonpipeline.com\/fr\/values\/\" title=\"Nos Valeurs\">HUMILIT\u00c9<\/a><\/h3><\/div><div class=\"vc_service-wrapper\"><span class=\"mf-icon\"><img loading=\"lazy\" decoding=\"async\" width=\"512\" height=\"512\" src=\"https:\/\/www.jhonpipeline.com\/wp-content\/uploads\/2025\/03\/integrity.png\" class=\"img-icon\" alt=\"\" srcset=\"https:\/\/www.jhonpipeline.com\/wp-content\/uploads\/2025\/03\/integrity.png 512w, https:\/\/www.jhonpipeline.com\/wp-content\/uploads\/2025\/03\/integrity-300x300.png 300w, https:\/\/www.jhonpipeline.com\/wp-content\/uploads\/2025\/03\/integrity-150x150.png 150w, https:\/\/www.jhonpipeline.com\/wp-content\/uploads\/2025\/03\/integrity-90x90.png 90w\" sizes=\"auto, (max-width: 512px) 100vw, 512px\" \/><\/span><h3><a href=\"https:\/\/www.jhonpipeline.com\/fr\/values\/\" title=\"Nos Valeurs\">INT\u00c9GRIT\u00c9<\/a><\/h3><\/div><div class=\"vc_service-wrapper\"><span class=\"mf-icon\"><img loading=\"lazy\" decoding=\"async\" width=\"512\" height=\"512\" src=\"https:\/\/www.jhonpipeline.com\/wp-content\/uploads\/2025\/03\/ingenuity.png\" class=\"img-icon\" alt=\"\" srcset=\"https:\/\/www.jhonpipeline.com\/wp-content\/uploads\/2025\/03\/ingenuity.png 512w, https:\/\/www.jhonpipeline.com\/wp-content\/uploads\/2025\/03\/ingenuity-300x300.png 300w, https:\/\/www.jhonpipeline.com\/wp-content\/uploads\/2025\/03\/ingenuity-150x150.png 150w, https:\/\/www.jhonpipeline.com\/wp-content\/uploads\/2025\/03\/ingenuity-90x90.png 90w\" sizes=\"auto, (max-width: 512px) 100vw, 512px\" \/><\/span><h3><a href=\"https:\/\/www.jhonpipeline.com\/fr\/values\/\" title=\"Nos Valeurs\">ING\u00c9NIOSIT\u00c9 &amp; INNOVATION<\/a><\/h3><\/div><\/div>\n            <\/div><div class=\"mf-empty-space\" style=\"\"><div class=\"mf_empty_space_lg\"  style=\"height: 80px\"><\/div><div class=\"mf_empty_space_md\"  style=\"height: 50px\"><\/div><div class=\"mf_empty_space_xs\"  style=\"height: 50px\"><\/div><\/div><\/div><\/div><\/div><\/div><\/div><\/div><\/div><\/div><\/div><\/div>\n<\/div>","protected":false},"excerpt":{"rendered":"Join our team As a fast-growing company, we touch almost every aspect of everyday life. Joining us will give you a rewarding career with opportunities for growth and impact. Now is the time to join us and build your career along with the growth of C\u00f4te d'Ivoire\u2019s infrastructure. With Jhon Pipeline\u2019s years of service and [...]","protected":false},"author":1,"featured_media":0,"parent":0,"menu_order":0,"comment_status":"closed","ping_status":"closed","template":"template-fullwidth.php","meta":{"footnotes":""},"class_list":["post-4085","page","type-page","status-publish","hentry","no-thumb"],"_links":{"self":[{"href":"https:\/\/www.jhonpipeline.com\/fr\/wp-json\/wp\/v2\/pages\/4085","targetHints":{"allow":["GET"]}}],"collection":[{"href":"https:\/\/www.jhonpipeline.com\/fr\/wp-json\/wp\/v2\/pages"}],"about":[{"href":"https:\/\/www.jhonpipeline.com\/fr\/wp-json\/wp\/v2\/types\/page"}],"author":[{"embeddable":true,"href":"https:\/\/www.jhonpipeline.com\/fr\/wp-json\/wp\/v2\/users\/1"}],"replies":[{"embeddable":true,"href":"https:\/\/www.jhonpipeline.com\/fr\/wp-json\/wp\/v2\/comments?post=4085"}],"version-history":[{"count":6,"href":"https:\/\/www.jhonpipeline.com\/fr\/wp-json\/wp\/v2\/pages\/4085\/revisions"}],"predecessor-version":[{"id":4186,"href":"https:\/\/www.jhonpipeline.com\/fr\/wp-json\/wp\/v2\/pages\/4085\/revisions\/4186"}],"wp:attachment":[{"href":"https:\/\/www.jhonpipeline.com\/fr\/wp-json\/wp\/v2\/media?parent=4085"}],"curies":[{"name":"wp","href":"https:\/\/api.w.org\/{rel}","templated":true}]}}