{"id":4059,"date":"2024-12-22T18:26:50","date_gmt":"2024-12-22T18:26:50","guid":{"rendered":"https:\/\/www.jhonpipeline.com\/?page_id=4059"},"modified":"2026-03-12T01:29:00","modified_gmt":"2026-03-12T01:29:00","slug":"values","status":"publish","type":"page","link":"https:\/\/www.jhonpipeline.com\/fr\/values\/","title":{"rendered":"Nos Valeurs Fondamentales"},"content":{"rendered":"<div class=\"wpb-content-wrapper\"><div class=\"vc_row wpb_row vc_row-fluid no-bg-mobile vc_custom_1741516050949 vc_row-has-fill\"><div class=\"container\"><div class=\"row\"><div class=\"wpb_column vc_column_container vc_col-sm-12 vc_col-lg-6 vc_col-md-6\"><div class=\"vc_column-inner\"><div class=\"wpb_wrapper\"><div class=\"mf-empty-space\" style=\"\"><div class=\"mf_empty_space_lg\"  style=\"height: 80px\"><\/div><div class=\"mf_empty_space_md\"  style=\"height: 50px\"><\/div><div class=\"mf_empty_space_xs\"  style=\"height: 50px\"><\/div><\/div><div class=\"vc_row wpb_row vc_inner vc_row-fluid\"><div class=\"wpb_column vc_column_container vc_col-sm-12 vc_col-lg-8 vc_col-md-8\"><div class=\"vc_column-inner\"><div class=\"wpb_wrapper\"><div class=\"mf-section-title text-left dark large-size\"><h2 >Valeurs Fondamentales<\/h2><\/div><div class=\"mf-empty-space\" style=\"\"><div class=\"mf_empty_space_lg\"  style=\"height: 45px\"><\/div><div class=\"mf_empty_space_md\"  style=\"height: 45px\"><\/div><div class=\"mf_empty_space_xs\"  style=\"height: 45px\"><\/div><\/div>\n\t<div class=\"wpb_text_column wpb_content_element\" >\n\t\t<div class=\"wpb_wrapper\">\n\t\t\t<div class=\"elementor-element elementor-element-f1d1132 elementor-widget elementor-widget-text-editor\" data-id=\"f1d1132\" data-element_type=\"widget\" data-widget_type=\"text-editor.default\">\n<div class=\"elementor-widget-container\">\n<section class=\"section---hero-interior section\" data-w-id=\"2328d311-d45e-543a-61f9-b9ea988aca3b\" data-wf-id=\"&#091;&quot;3c4e0009-2003-03d7-7527-843993190269&quot;,&quot;2328d311-d45e-543a-61f9-b9ea988aca3b&quot;&#093;\">\n<div class=\"container-1140 w-container\" data-w-id=\"2328d311-d45e-543a-61f9-b9ea988aca3c\" data-wf-id=\"&#091;&quot;3c4e0009-2003-03d7-7527-843993190269&quot;,&quot;2328d311-d45e-543a-61f9-b9ea988aca3c&quot;&#093;\">\n<div class=\"hero-interior-wrapper\" data-w-id=\"2328d311-d45e-543a-61f9-b9ea988aca3d\" data-wf-id=\"&#091;&quot;3c4e0009-2003-03d7-7527-843993190269&quot;,&quot;2328d311-d45e-543a-61f9-b9ea988aca3d&quot;&#093;\">\n<p>Nous nous sommes impos\u00e9s comme un acteur majeur du march\u00e9 des pipelines. Nos membres fondateurs ont pos\u00e9 des bases solides sur lesquelles nous nous appuyons pour cro\u00eetre, progresser et rayonner. Notre mod\u00e8le d'affaires repose sur trois valeurs fondamentales : l'humilit\u00e9, l'int\u00e9grit\u00e9, l'ing\u00e9niosit\u00e9 et l'innovation. En incarnant ces valeurs, nous b\u00e2tissons une infrastructure solide et tissons des relations durables.\n<\/p><\/div>\n<\/div>\n<\/section>\n<\/div>\n<\/div>\n\n\t\t<\/div>\n\t<\/div>\n<\/div><\/div><\/div><div class=\"wpb_column vc_column_container vc_col-sm-12 vc_col-lg-4 vc_col-md-4\"><div class=\"vc_column-inner\"><div class=\"wpb_wrapper\"><\/div><\/div><\/div><\/div><div class=\"mf-empty-space\" style=\"\"><div class=\"mf_empty_space_lg\"  style=\"height: 80px\"><\/div><div class=\"mf_empty_space_md\"  style=\"height: 50px\"><\/div><div class=\"mf_empty_space_xs\"  style=\"height: 50px\"><\/div><\/div><\/div><\/div><\/div><div class=\"wpb_column vc_column_container vc_col-sm-12 vc_col-lg-6 vc_col-md-6\"><div class=\"vc_column-inner\"><div class=\"wpb_wrapper\"><div class=\"mf-empty-space\" style=\"\"><div class=\"mf_empty_space_lg\"  style=\"height: 80px\"><\/div><div class=\"mf_empty_space_md\"  style=\"height: 50px\"><\/div><div class=\"mf_empty_space_xs\"  style=\"height: 50px\"><\/div><\/div><div class=\"vc_row wpb_row vc_inner vc_row-fluid\"><div class=\"wpb_column vc_column_container vc_col-sm-12 vc_col-lg-6 vc_col-md-12\"><div class=\"vc_column-inner vc_custom_1510222551516\"><div class=\"wpb_wrapper\"><div class=\"mf-icon-box icon_type-flaticon icon_style-normal icon_position-top-left icon_size-small box-dark\"><span class=\"mf-icon\"><i class=\"\"><\/i><\/span><div class=\"box-wrapper\"><h2 class=\"box-title\"><span >HUMILIT\u00c9<\/span><\/h2><div class=\"desc\"><\/p>\n<div class=\"elementor-element elementor-element-4c559dc elementor-widget elementor-widget-text-editor\" data-id=\"4c559dc\" data-element_type=\"widget\" data-widget_type=\"text-editor.default\">\n<div class=\"elementor-widget-container\">\n<p>diff\u00e9rents oui, mais tous participatifs \u00e0 l\u2019oeuvre.<br \/>\nNous bannissons donc la hauteur, la condescendance et la vaine suffisance.<\/div>\n<\/div>\n<p><\/div><\/div><\/div><div class=\"mf-empty-space\" style=\"\"><div class=\"mf_empty_space_lg\"  style=\"height: 70px\"><\/div><div class=\"mf_empty_space_md\"  style=\"height: 40px\"><\/div><div class=\"mf_empty_space_xs\"  style=\"height: 40px\"><\/div><\/div><div class=\"mf-icon-box icon_type-flaticon icon_style-normal icon_position-top-left icon_size-small box-dark\"><span class=\"mf-icon\"><i class=\"\"><\/i><\/span><div class=\"box-wrapper\"><h2 class=\"box-title\"><span >INT\u00c9GRIT\u00c9<\/span><\/h2><div class=\"desc\"><\/p>\n<div class=\"elementor-element elementor-element-96a79de elementor-widget elementor-widget-text-editor\" data-id=\"96a79de\" data-element_type=\"widget\" data-widget_type=\"text-editor.default\">\n<div class=\"elementor-widget-container\">\n<p>Enti\u00e8ret\u00e9, transparence dans toutes nos interactions<\/p><\/div>\n<\/div>\n<p><\/div><\/div><\/div><\/div><\/div><\/div><div class=\"wpb_column vc_column_container vc_col-sm-12 vc_col-lg-6 vc_col-md-12\"><div class=\"vc_column-inner\"><div class=\"wpb_wrapper\"><div class=\"mf-icon-box icon_type-flaticon icon_style-normal icon_position-top-left icon_size-small box-dark\"><span class=\"mf-icon\"><i class=\"\"><\/i><\/span><div class=\"box-wrapper\"><h2 class=\"box-title\"><span >ING\u00c9NIOSIT\u00c9 &amp; INNOVATION<\/span><\/h2><div class=\"desc\"><\/p>\n<div class=\"elementor-element elementor-element-3c0bdfd elementor-widget elementor-widget-text-editor\" data-id=\"3c0bdfd\" data-element_type=\"widget\" data-widget_type=\"text-editor.default\">\n<div class=\"elementor-widget-container\">\n<p>Nous croyons en l\u2019infini grandeur de l\u2019Esprit humain et nous nous effor\u00e7ons d\u2019en tirer parti pour trouver de nouvelles fa\u00e7ons de faire afin de l\u00e9guer un monde meilleur.<\/p><\/div>\n<\/div>\n<p><\/div><\/div><\/div><div class=\"mf-empty-space\" style=\"\"><div class=\"mf_empty_space_lg\"  style=\"height: 70px\"><\/div><div class=\"mf_empty_space_md\"  style=\"height: 40px\"><\/div><div class=\"mf_empty_space_xs\"  style=\"height: 40px\"><\/div><\/div><\/div><\/div><\/div><\/div><div class=\"mf-empty-space\" style=\"\"><div class=\"mf_empty_space_lg\"  style=\"height: 80px\"><\/div><div class=\"mf_empty_space_md\"  style=\"height: 50px\"><\/div><div class=\"mf_empty_space_xs\"  style=\"height: 50px\"><\/div><\/div><\/div><\/div><\/div><\/div><\/div><\/div>\n<\/div>","protected":false},"excerpt":{"rendered":"Core Values We have established ourselves within the pipeline market as a powerhouse of industry. We believe in the power of one person, one team, and one company coming together to work towards one goal. Our founding members have set a solid foundation from which we continue to grow, improve, and shine. We carry out [...]","protected":false},"author":1,"featured_media":0,"parent":0,"menu_order":0,"comment_status":"closed","ping_status":"closed","template":"template-fullwidth.php","meta":{"footnotes":""},"class_list":["post-4059","page","type-page","status-publish","hentry","no-thumb"],"_links":{"self":[{"href":"https:\/\/www.jhonpipeline.com\/fr\/wp-json\/wp\/v2\/pages\/4059","targetHints":{"allow":["GET"]}}],"collection":[{"href":"https:\/\/www.jhonpipeline.com\/fr\/wp-json\/wp\/v2\/pages"}],"about":[{"href":"https:\/\/www.jhonpipeline.com\/fr\/wp-json\/wp\/v2\/types\/page"}],"author":[{"embeddable":true,"href":"https:\/\/www.jhonpipeline.com\/fr\/wp-json\/wp\/v2\/users\/1"}],"replies":[{"embeddable":true,"href":"https:\/\/www.jhonpipeline.com\/fr\/wp-json\/wp\/v2\/comments?post=4059"}],"version-history":[{"count":7,"href":"https:\/\/www.jhonpipeline.com\/fr\/wp-json\/wp\/v2\/pages\/4059\/revisions"}],"predecessor-version":[{"id":4215,"href":"https:\/\/www.jhonpipeline.com\/fr\/wp-json\/wp\/v2\/pages\/4059\/revisions\/4215"}],"wp:attachment":[{"href":"https:\/\/www.jhonpipeline.com\/fr\/wp-json\/wp\/v2\/media?parent=4059"}],"curies":[{"name":"wp","href":"https:\/\/api.w.org\/{rel}","templated":true}]}}