{"id":37,"date":"2017-10-31T07:45:20","date_gmt":"2017-10-31T07:45:20","guid":{"rendered":"http:\/\/demo2.drfuri.com\/manufactory\/?page_id=37"},"modified":"2025-03-28T16:53:04","modified_gmt":"2025-03-28T16:53:04","slug":"contacts","status":"publish","type":"page","link":"https:\/\/www.jhonpipeline.com\/fr\/contacts\/","title":{"rendered":"Contact"},"content":{"rendered":"<div class=\"wpb-content-wrapper\"><div class=\"vc_row wpb_row vc_row-fluid\"><div class=\"container\"><div class=\"row\"><div class=\"wpb_column vc_column_container vc_col-sm-12\"><div class=\"vc_column-inner\"><div class=\"wpb_wrapper\"><div class=\"mf-empty-space\" style=\"\"><div class=\"mf_empty_space_lg\"  style=\"height: 80px\"><\/div><div class=\"mf_empty_space_md\"  style=\"height: 50px\"><\/div><div class=\"mf_empty_space_xs\"  style=\"height: 50px\"><\/div><\/div><\/div><\/div><\/div><\/div><\/div><\/div><div class=\"vc_row wpb_row vc_row-fluid\"><div class=\"container\"><div class=\"row\"><div class=\"wpb_column vc_column_container vc_col-sm-12\"><div class=\"vc_column-inner\"><div class=\"wpb_wrapper\"><div class=\"mf-section-title text-center dark large-size\"><h2 >Contactez-nous<\/h2><\/div><div class=\"mf-empty-space\" style=\"\"><div class=\"mf_empty_space_lg\"  style=\"height: 25px\"><\/div><div class=\"mf_empty_space_md\"  style=\"height: 25px\"><\/div><div class=\"mf_empty_space_xs\"  style=\"height: 25px\"><\/div><\/div>\n\t<div class=\"wpb_text_column wpb_content_element\" >\n\t\t<div class=\"wpb_wrapper\">\n\t\t\t<div class=\"text-center\" style=\"font-size: 18px;\">\n<div class=\"elementor-element elementor-element-66b979d elementor-widget elementor-widget-text-editor\" data-id=\"66b979d\" data-element_type=\"widget\" data-widget_type=\"text-editor.default\">\n<div class=\"elementor-widget-container\">\n<section data-w-id=\"2328d311-d45e-543a-61f9-b9ea988aca3b\" data-wf-id=\"&#091;&quot;3c4e0009-2003-03d7-7527-843993190269&quot;,&quot;2328d311-d45e-543a-61f9-b9ea988aca3b&quot;&#093;\">\n<div data-w-id=\"2328d311-d45e-543a-61f9-b9ea988aca3c\" data-wf-id=\"&#091;&quot;3c4e0009-2003-03d7-7527-843993190269&quot;,&quot;2328d311-d45e-543a-61f9-b9ea988aca3c&quot;&#093;\">\n<div data-w-id=\"2328d311-d45e-543a-61f9-b9ea988aca3d\" data-wf-id=\"&#091;&quot;3c4e0009-2003-03d7-7527-843993190269&quot;,&quot;2328d311-d45e-543a-61f9-b9ea988aca3d&quot;&#093;\">\n<p data-w-id=\"2328d311-d45e-543a-61f9-b9ea988aca42\" data-wf-id=\"&#091;&quot;3c4e0009-2003-03d7-7527-843993190269&quot;,&quot;2328d311-d45e-543a-61f9-b9ea988aca42&quot;&#093;\">Votre enti\u00e8re satisfaction est notre objectif. Que vous souhaitiez en savoir plus sur nous ou que vous ayez besoin d'un service sp\u00e9cifique, notre \u00e9quipe est l\u00e0 pour vous aider.<\/p>\n<\/div>\n<\/div>\n<\/section>\n<\/div>\n<\/div>\n<\/div>\n\n\t\t<\/div>\n\t<\/div>\n<div class=\"mf-empty-space\" style=\"\"><div class=\"mf_empty_space_lg\"  style=\"height: 50px\"><\/div><div class=\"mf_empty_space_md\"  style=\"height: 30px\"><\/div><div class=\"mf_empty_space_xs\"  style=\"height: 30px\"><\/div><\/div><div class=\"vc_row wpb_row vc_inner vc_row-fluid\"><div class=\"wpb_column vc_column_container vc_col-sm-6 vc_col-lg-6 vc_col-md-6\"><div class=\"vc_column-inner\"><div class=\"wpb_wrapper\"><div class=\"mf-contact-box clearfix\"><div class=\"mf-section-title text-left dark medium-size\"><h2 >Si\u00e8ge social<\/h2><\/div><div class=\"contact-info address\"><i class=\"flaticon-arrow\"><\/i><div><span>Address:<\/span> YOPOUGON ZONE INDUSTRIELLE ABJ, COTE D'IVOIRE.<\/div><\/div><div class=\"contact-info phone\"><i class=\"fa fa-phone\"><\/i><div><span>Appelez-nous<\/span> +2252523003126<br \/>\n+2250713242486<br \/>\n+2250713434313<\/div><\/div><div class=\"contact-info email\"><i class=\"flaticon-note\"><\/i><div><span>Mail Us:<\/span> infos@jhonpipeline.com<\/div><\/div><\/div><div class=\"mf-empty-space\" style=\"\"><div class=\"mf_empty_space_lg\"  style=\"height: 80px\"><\/div><div class=\"mf_empty_space_md\"  style=\"height: 50px\"><\/div><div class=\"mf_empty_space_xs\"  style=\"height: 50px\"><\/div><\/div><\/div><\/div><\/div><div class=\"wpb_column vc_column_container vc_col-sm-6 vc_col-lg-6 vc_col-md-6\"><div class=\"vc_column-inner\"><div class=\"wpb_wrapper\"><div class=\"mf-working-hour\"><div class=\"mf-section-title text-left dark medium-size\"><h2 >Heures de travail<\/h2><\/div><ul class=\"mf-list-hour\"><li><span class=\"day\">Lundi<\/span><span class=\"hour\">07:30 - 17:30<\/span><\/li><li><span class=\"day\">Mardi<\/span><span class=\"hour\">07:30 - 17:30<\/span><\/li><li><span class=\"day\">Mercredi<\/span><span class=\"hour\">07:30 - 17:30<\/span><\/li><li><span class=\"day\">Jeudi<\/span><span class=\"hour\">07:30 - 17:30<\/span><\/li><li><span class=\"day\">Vendredi<\/span><span class=\"hour\">07:30 - 17:30<\/span><\/li><li><span class=\"day\">Samedi<\/span><span class=\"hour\">08:00 - 14:00<\/span><\/li><li><span class=\"day\">Dimanche<\/span><span class=\"hour\">Ferm\u00e9<\/span><\/li><\/ul><\/div><div class=\"mf-empty-space\" style=\"\"><div class=\"mf_empty_space_lg\"  style=\"height: 80px\"><\/div><div class=\"mf_empty_space_md\"  style=\"height: 50px\"><\/div><div class=\"mf_empty_space_xs\"  style=\"height: 50px\"><\/div><\/div><\/div><\/div><\/div><\/div><\/div><\/div><\/div><\/div><\/div><\/div><div class=\"vc_row wpb_row vc_row-fluid vc_custom_1508231584995 vc_row-has-fill\"><div class=\"container\"><div class=\"row\"><div class=\"wpb_column vc_column_container vc_col-sm-12\"><div class=\"vc_column-inner\"><div class=\"wpb_wrapper\"><div class=\"mf-empty-space\" style=\"\"><div class=\"mf_empty_space_lg\"  style=\"height: 80px\"><\/div><div class=\"mf_empty_space_md\"  style=\"height: 50px\"><\/div><div class=\"mf_empty_space_xs\"  style=\"height: 50px\"><\/div><\/div><div class=\"mf-section-title text-center dark large-size\"><h2 >Envoyez-nous un message<\/h2><\/div><div class=\"mf-empty-space\" style=\"\"><div class=\"mf_empty_space_lg\"  style=\"height: 25px\"><\/div><div class=\"mf_empty_space_md\"  style=\"height: 25px\"><\/div><div class=\"mf_empty_space_xs\"  style=\"height: 25px\"><\/div><\/div>\n\t<div class=\"wpb_text_column wpb_content_element\" >\n\t\t<div class=\"wpb_wrapper\">\n\t\t\t<div class=\"text-center\" style=\"font-size: 18px;\">N'h\u00e9sitez pas \u00e0 nous envoyer un courriel. Nous vous r\u00e9pondrons dans un d\u00e9lai de 1 \u00e0 2 jours ouvrables.<\/div>\n\n\t\t<\/div>\n\t<\/div>\n<div class=\"mf-empty-space\" style=\"\"><div class=\"mf_empty_space_lg\"  style=\"height: 40px\"><\/div><div class=\"mf_empty_space_md\"  style=\"height: 40px\"><\/div><div class=\"mf_empty_space_xs\"  style=\"height: 40px\"><\/div><\/div><div class=\"mf-contact-form-7 form-light\" style=\"\">\n<div class=\"wpcf7 no-js\" id=\"wpcf7-f1324-o1\" lang=\"en-US\" dir=\"ltr\" data-wpcf7-id=\"1324\">\n<div class=\"screen-reader-response\"><p role=\"status\" aria-live=\"polite\" aria-atomic=\"true\"><\/p> <ul><\/ul><\/div>\n<form action=\"\/fr\/wp-json\/wp\/v2\/pages\/37#wpcf7-f1324-o1\" method=\"post\" class=\"wpcf7-form init\" aria-label=\"Contact form\" novalidate=\"novalidate\" data-status=\"init\" data-trp-original-action=\"\/fr\/wp-json\/wp\/v2\/pages\/37#wpcf7-f1324-o1\">\n<div style=\"display: none;\">\n<input type=\"hidden\" name=\"_wpcf7\" value=\"1324\" \/>\n<input type=\"hidden\" name=\"_wpcf7_version\" value=\"6.0.5\" \/>\n<input type=\"hidden\" name=\"_wpcf7_locale\" value=\"en_US\" \/>\n<input type=\"hidden\" name=\"_wpcf7_unit_tag\" value=\"wpcf7-f1324-o1\" \/>\n<input type=\"hidden\" name=\"_wpcf7_container_post\" value=\"0\" \/>\n<input type=\"hidden\" name=\"_wpcf7_posted_data_hash\" value=\"\" \/>\n<\/div>\n<style type=\"text\/css\">.cfcefdffccf { position: absolute !important; left: -9999vw !important; }<\/style><div id=\"\" class=\"cfcefdffccf\"><label for=\"website-cfcefdffccf\">Website<\/label><input type=\"url\" name=\"website\" value=\"\" autocomplete=\"disable\" tabindex=\"-1\" id=\"website-cfcefdffccf\"  \/><label for=\"firstname-cfcefdffccf\">First Name<\/label><input type=\"text\" name=\"firstname\" value=\"\" autocomplete=\"disable\" tabindex=\"-1\" id=\"firstname-cfcefdffccf\"  \/><label for=\"lastname-cfcefdffccf\">Last Name<\/label><input type=\"text\" name=\"lastname\" value=\"\" autocomplete=\"disable\" tabindex=\"-1\" id=\"lastname-cfcefdffccf\"  \/><label for=\"email-cfcefdffccf\">Email<\/label><input type=\"email\" name=\"email\" value=\"\" autocomplete=\"disable\" tabindex=\"-1\" id=\"email-cfcefdffccf\"  \/><label for=\"c4988f29c3e8f206df7f87cc460f50-cfcefdffccf\">JHON PIPELINE<\/label><input type=\"text\" name=\"c4988f29c3e8f206df7f87cc460f50\" value=\"\" autocomplete=\"disable\" tabindex=\"-1\" id=\"c4988f29c3e8f206df7f87cc460f50-cfcefdffccf\"  \/><\/div><div class=\"mf-form mf-form-2\">\n\t<div class=\"row\">\n\t\t<div class=\"col-md-6 col-xs-12 col-sm-12 mf-input-field\">\n\t\t\t<p><span class=\"wpcf7-form-control-wrap\" data-name=\"your-name\"><input size=\"40\" maxlength=\"400\" class=\"wpcf7-form-control wpcf7-text wpcf7-validates-as-required\" aria-required=\"true\" aria-invalid=\"false\" placeholder=\"Votre nom\" value=\"\" type=\"text\" name=\"your-name\" \/><\/span>\n\t\t\t<\/p>\n\t\t\t<p><span class=\"wpcf7-form-control-wrap\" data-name=\"your-email\"><input size=\"40\" maxlength=\"400\" class=\"wpcf7-form-control wpcf7-email wpcf7-validates-as-required wpcf7-text wpcf7-validates-as-email\" aria-required=\"true\" aria-invalid=\"false\" placeholder=\"Adresse email\" value=\"\" type=\"email\" name=\"your-email\" \/><\/span>\n\t\t\t<\/p>\n\t\t\t<p><span class=\"wpcf7-form-control-wrap\" data-name=\"phone\"><input size=\"40\" maxlength=\"400\" class=\"wpcf7-form-control wpcf7-text wpcf7-validates-as-required\" aria-required=\"true\" aria-invalid=\"false\" placeholder=\"Num\u00e9ro de t\u00e9l\u00e9phone\" value=\"\" type=\"text\" name=\"phone\" \/><\/span>\n\t\t\t<\/p>\n\t\t<\/div>\n\t\t<div class=\"col-md-6 col-xs-12 col-sm-12 mf-textarea-field\">\n\t\t\t<p><span class=\"wpcf7-form-control-wrap\" data-name=\"comment\"><textarea cols=\"40\" rows=\"10\" maxlength=\"2000\" class=\"wpcf7-form-control wpcf7-textarea wpcf7-validates-as-required\" aria-required=\"true\" aria-invalid=\"false\" placeholder=\"Entrez votre message\" name=\"comment\"><\/textarea><\/span>\n\t\t\t<\/p>\n\t\t<\/div>\n\t\t<div class=\"text-center mf-submit col-md-12 col-xs-12 col-sm-12\">\n\t\t\t<p><input class=\"wpcf7-form-control wpcf7-submit has-spinner\" type=\"submit\" value=\"Envoyer\" \/>\n\t\t\t<\/p>\n\t\t<\/div>\n\t<\/div>\n<\/div><div class=\"wpcf7-response-output\" aria-hidden=\"true\"><\/div>\n<input type=\"hidden\" name=\"trp-form-language\" value=\"fr\"\/><\/form>\n<\/div>\n<\/div><div class=\"mf-empty-space\" style=\"\"><div class=\"mf_empty_space_lg\"  style=\"height: 80px\"><\/div><div class=\"mf_empty_space_md\"  style=\"height: 50px\"><\/div><div class=\"mf_empty_space_xs\"  style=\"height: 50px\"><\/div><\/div><\/div><\/div><\/div><\/div><\/div><\/div>\n<\/div>","protected":false},"excerpt":{"rendered":"Get in touch with us Your complete satisfaction is our goal. Whether you want to know more about us or have a specific service need, our team is ready to help. HeadquaterAddress: YOPOUGON ZONE INDUSTRIELLE ABJ, COTE D'IVOIRE.Call Us: +2252523003126 +2250713242486 +2250713434313Mail Us: infos@jhonpipeline.comWorking HoursMonday07:30 - 17:30Tuesday07:30 - 17:30Wednesday07:30 - 17:30Thursday07:30 - 17:30Friday07:30 - 17:30Saturday08:00 [...]","protected":false},"author":1,"featured_media":0,"parent":0,"menu_order":0,"comment_status":"closed","ping_status":"closed","template":"template-fullwidth.php","meta":{"footnotes":""},"class_list":["post-37","page","type-page","status-publish","hentry","no-thumb"],"_links":{"self":[{"href":"https:\/\/www.jhonpipeline.com\/fr\/wp-json\/wp\/v2\/pages\/37","targetHints":{"allow":["GET"]}}],"collection":[{"href":"https:\/\/www.jhonpipeline.com\/fr\/wp-json\/wp\/v2\/pages"}],"about":[{"href":"https:\/\/www.jhonpipeline.com\/fr\/wp-json\/wp\/v2\/types\/page"}],"author":[{"embeddable":true,"href":"https:\/\/www.jhonpipeline.com\/fr\/wp-json\/wp\/v2\/users\/1"}],"replies":[{"embeddable":true,"href":"https:\/\/www.jhonpipeline.com\/fr\/wp-json\/wp\/v2\/comments?post=37"}],"version-history":[{"count":8,"href":"https:\/\/www.jhonpipeline.com\/fr\/wp-json\/wp\/v2\/pages\/37\/revisions"}],"predecessor-version":[{"id":4204,"href":"https:\/\/www.jhonpipeline.com\/fr\/wp-json\/wp\/v2\/pages\/37\/revisions\/4204"}],"wp:attachment":[{"href":"https:\/\/www.jhonpipeline.com\/fr\/wp-json\/wp\/v2\/media?parent=37"}],"curies":[{"name":"wp","href":"https:\/\/api.w.org\/{rel}","templated":true}]}}