{"id":32,"date":"2017-10-31T07:44:25","date_gmt":"2017-10-31T07:44:25","guid":{"rendered":"http:\/\/demo2.drfuri.com\/manufactory\/?page_id=32"},"modified":"2025-03-09T12:48:59","modified_gmt":"2025-03-09T12:48:59","slug":"about-us","status":"publish","type":"page","link":"https:\/\/www.jhonpipeline.com\/fr\/about-us\/","title":{"rendered":"\u00c0 Propos"},"content":{"rendered":"<div class=\"wpb-content-wrapper\"><div class=\"vc_row wpb_row vc_row-fluid no-bg-mobile\"><div class=\"container\"><div class=\"row\"><div class=\"wpb_column vc_column_container vc_col-sm-12 vc_col-lg-6 vc_col-md-6\"><div class=\"vc_column-inner\"><div class=\"wpb_wrapper\"><div class=\"mf-empty-space\" style=\"\"><div class=\"mf_empty_space_lg\"  style=\"height: 80px\"><\/div><div class=\"mf_empty_space_md\"  style=\"height: 50px\"><\/div><div class=\"mf_empty_space_xs\"  style=\"height: 50px\"><\/div><\/div><div class=\"vc_row wpb_row vc_inner vc_row-fluid\"><div class=\"wpb_column vc_column_container vc_col-sm-12 vc_col-lg-8 vc_col-md-8\"><div class=\"vc_column-inner\"><div class=\"wpb_wrapper\"><div class=\"mf-section-title text-left dark large-size\"><h3 class=\"main-color\">\u00c0 Propos<\/h3><h2 >Jhon Pipeline<\/h2><\/div><div class=\"mf-empty-space\" style=\"\"><div class=\"mf_empty_space_lg\"  style=\"height: 45px\"><\/div><div class=\"mf_empty_space_md\"  style=\"height: 45px\"><\/div><div class=\"mf_empty_space_xs\"  style=\"height: 45px\"><\/div><\/div>\n\t<div class=\"wpb_text_column wpb_content_element\" >\n\t\t<div class=\"wpb_wrapper\">\n\t\t\t<div class=\"elementor-element elementor-element-452cea5 elementor-widget elementor-widget-text-editor\" data-id=\"452cea5\" data-element_type=\"widget\" data-widget_type=\"text-editor.default\">\n<div class=\"elementor-widget-container\">\n<section class=\"section---hero-interior section\" data-w-id=\"2328d311-d45e-543a-61f9-b9ea988aca3b\" data-wf-id=\"&#091;&quot;3c4e0009-2003-03d7-7527-843993190269&quot;,&quot;2328d311-d45e-543a-61f9-b9ea988aca3b&quot;&#093;\">\n<div class=\"container-1140 w-container\" data-w-id=\"2328d311-d45e-543a-61f9-b9ea988aca3c\" data-wf-id=\"&#091;&quot;3c4e0009-2003-03d7-7527-843993190269&quot;,&quot;2328d311-d45e-543a-61f9-b9ea988aca3c&quot;&#093;\">\n<div class=\"hero-interior-wrapper\" data-w-id=\"2328d311-d45e-543a-61f9-b9ea988aca3d\" data-wf-id=\"&#091;&quot;3c4e0009-2003-03d7-7527-843993190269&quot;,&quot;2328d311-d45e-543a-61f9-b9ea988aca3d&quot;&#093;\">\n<p>JP est une entreprise sp\u00e9cialis\u00e9e dans la soudure la tuyauterie industrielles ; la pose de pipeline, la chaudronnerie et le montage industriels.<br \/>\nNotre soci\u00e9t\u00e9 r\u00e9alise la pr\u00e9fabrication et l\u2019installation des tuyauteries pour tous types de fluides ; gaz, p\u00e9trole, vapeur, air comprim\u00e9, eau, produits chimiques et liquides alimentaires.<br \/>\nNos \u00e9quipes travaillent l\u2019acier carbone, l\u2019acier inoxydable.<br \/>\nNos soudeurs b\u00e9n\u00e9ficient d\u2019une mise \u00e0 niveau constante en partenariat avec Bureau Veritas, AWS, pour les certifications ASME.<br \/>\nNous mettons tout en oeuvre pour r\u00e9pondre \u00e0 vos exigences. Notre savoir-faire, l\u2019exp\u00e9rience et la qualification de notre personnel nous permettent de vous garantir des prestations de qualit\u00e9 dans le respect des normes les plus strictes en mati\u00e8re de s\u00e9curit\u00e9, sant\u00e9 et environnement.<\/p>\n<\/div>\n<\/div>\n<\/section>\n<\/div>\n<\/div>\n\n\t\t<\/div>\n\t<\/div>\n<\/div><\/div><\/div><div class=\"wpb_column vc_column_container vc_col-sm-12 vc_col-lg-4 vc_col-md-4\"><div class=\"vc_column-inner\"><div class=\"wpb_wrapper\"><\/div><\/div><\/div><\/div><div class=\"mf-empty-space\" style=\"\"><div class=\"mf_empty_space_lg\"  style=\"height: 80px\"><\/div><div class=\"mf_empty_space_md\"  style=\"height: 50px\"><\/div><div class=\"mf_empty_space_xs\"  style=\"height: 50px\"><\/div><\/div><\/div><\/div><\/div><div class=\"wpb_column vc_column_container vc_col-sm-12 vc_col-lg-6 vc_col-md-6\"><div class=\"vc_column-inner\"><div class=\"wpb_wrapper\"><div class=\"mf-empty-space\" style=\"\"><div class=\"mf_empty_space_lg\"  style=\"height: 80px\"><\/div><div class=\"mf_empty_space_md\"  style=\"height: 50px\"><\/div><div class=\"mf_empty_space_xs\"  style=\"height: 50px\"><\/div><\/div><div class=\"vc_row wpb_row vc_inner vc_row-fluid\"><div class=\"wpb_column vc_column_container vc_col-sm-12 vc_col-lg-12 vc_col-md-12\"><div class=\"vc_column-inner vc_custom_1734889083844\"><div class=\"wpb_wrapper\"><div class=\"mf-icon-box icon_type-flaticon icon_style-normal icon_position-top-left icon_size-small box-dark\"><span class=\"mf-icon\"><i class=\"\"><\/i><\/span><div class=\"box-wrapper\"><h2 class=\"box-title\"><span >Code de conduite<\/span><\/h2><div class=\"desc\"><\/p>\n<div class=\"elementor-element elementor-element-ff17b5e elementor-widget elementor-widget-text-editor\" data-id=\"ff17b5e\" data-element_type=\"widget\" data-widget_type=\"text-editor.default\">\n<div class=\"elementor-widget-container\">\n<div>\n<p>En mati\u00e8re d'infrastructures, vous souhaitez collaborer avec un partenaire de confiance. Forts de nombreuses ann\u00e9es d'exp\u00e9rience, nous vous garantissons un travail impeccable avec Jhon Pipeline. Nous proposons une gamme compl\u00e8te de services de construction et de r\u00e9habilitation de pipelines.<\/p>\n<p>Afin de pouvoir r\u00e9pondre aux besoins de nos clients, nous disposons d'un code de conduite rigoureux qui garantit que nos employ\u00e9s et les parties prenantes travaillent avec franchise et une approche intransigeante en mati\u00e8re d'\u00e9thique et de conformit\u00e9.<\/p>\n<\/div>\n<\/div>\n<\/div>\n<p><\/div><\/div><\/div><\/div><\/div><\/div><div class=\"wpb_column vc_column_container vc_col-sm-12 vc_col-lg-12 vc_col-md-12\"><div class=\"vc_column-inner\"><div class=\"wpb_wrapper\"><div class=\"mf-icon-box icon_type-flaticon icon_style-normal icon_position-top-left icon_size-small box-dark\"><span class=\"mf-icon\"><i class=\"\"><\/i><\/span><div class=\"box-wrapper\"><h2 class=\"box-title\"><span >Nos Valeurs<\/span><\/h2><div class=\"desc\">Les valeurs de Jhon Pipeline guident chacune de nos d\u00e9cisions dans l'accomplissement de notre mission. Elles d\u00e9finissent qui nous sommes, en tant qu'entreprise et en tant qu'individus. Elles nous rappellent l'impact que nous avons chaque jour sur les personnes, les communaut\u00e9s et l'environnement dans lesquels nous vivons et travaillons. C'est pourquoi nous nous devons de placer nos valeurs au c\u0153ur de toutes nos actions.<\/p>\n<p>&nbsp;<\/p>\n<p>&nbsp;<\/p>\n<p><\/div><\/div><\/div><\/div><\/div><\/div><\/div><div class=\"mf-empty-space\" style=\"\"><div class=\"mf_empty_space_lg\"  style=\"height: 80px\"><\/div><div class=\"mf_empty_space_md\"  style=\"height: 50px\"><\/div><div class=\"mf_empty_space_xs\"  style=\"height: 50px\"><\/div><\/div><\/div><\/div><\/div><\/div><\/div><\/div><div class=\"vc_row wpb_row vc_row-fluid vc_custom_1734856808416 vc_row-has-fill\"><div class=\"container\"><div class=\"row\"><div class=\"wpb_column vc_column_container vc_col-sm-12\"><div class=\"vc_column-inner\"><div class=\"wpb_wrapper\"><div class=\"mf-empty-space\" style=\"\"><div class=\"mf_empty_space_lg\"  style=\"height: 80px\"><\/div><div class=\"mf_empty_space_md\"  style=\"height: 50px\"><\/div><div class=\"mf_empty_space_xs\"  style=\"height: 50px\"><\/div><\/div><div class=\"vc_row wpb_row vc_inner vc_row-fluid\"><div class=\"wpb_column vc_column_container vc_col-sm-12 vc_col-lg-3 vc_col-md-12\"><div class=\"vc_column-inner\"><div class=\"wpb_wrapper\"><div class=\"mf-section-title text-left dark large-size\"><h2 >NOS VALEURS NOUS DEFINISSENT<\/h2><\/div><div class=\"mf-empty-space\" style=\"\"><div class=\"mf_empty_space_lg\"  style=\"height: 45px\"><\/div><div class=\"mf_empty_space_md\"  style=\"height: 45px\"><\/div><div class=\"mf_empty_space_xs\"  style=\"height: 45px\"><\/div><\/div>\n\t<div class=\"wpb_text_column wpb_content_element\" >\n\t\t<div class=\"wpb_wrapper\">\n\t\t\t<div class=\"elementor-element elementor-element-f1d1132 elementor-widget elementor-widget-text-editor\" data-id=\"f1d1132\" data-element_type=\"widget\" data-widget_type=\"text-editor.default\">\n<div class=\"elementor-widget-container\">\n<section class=\"section---hero-interior section\" data-w-id=\"2328d311-d45e-543a-61f9-b9ea988aca3b\" data-wf-id=\"&#091;&quot;3c4e0009-2003-03d7-7527-843993190269&quot;,&quot;2328d311-d45e-543a-61f9-b9ea988aca3b&quot;&#093;\">\n<div class=\"container-1140 w-container\" data-w-id=\"2328d311-d45e-543a-61f9-b9ea988aca3c\" data-wf-id=\"&#091;&quot;3c4e0009-2003-03d7-7527-843993190269&quot;,&quot;2328d311-d45e-543a-61f9-b9ea988aca3c&quot;&#093;\">\n<div class=\"hero-interior-wrapper\" data-w-id=\"2328d311-d45e-543a-61f9-b9ea988aca3d\" data-wf-id=\"&#091;&quot;3c4e0009-2003-03d7-7527-843993190269&quot;,&quot;2328d311-d45e-543a-61f9-b9ea988aca3d&quot;&#093;\">\n<p>Nous croyons au pouvoir d'une personne, d'une \u00e9quipe et d'une entreprise unies pour \u0153uvrer \u00e0 un objectif commun. Nos membres fondateurs ont pos\u00e9 des bases solides sur lesquelles nous continuons de cro\u00eetre, de nous am\u00e9liorer et de rayonner.<\/p>\n<\/div>\n<\/div>\n<\/section>\n<\/div>\n<\/div>\n\n\t\t<\/div>\n\t<\/div>\n<div class=\"mf-empty-space\" style=\"\"><div class=\"mf_empty_space_lg\"  style=\"height: 80px\"><\/div><div class=\"mf_empty_space_md\"  style=\"height: 50px\"><\/div><div class=\"mf_empty_space_xs\"  style=\"height: 50px\"><\/div><\/div><\/div><\/div><\/div><div class=\"wpb_column vc_column_container vc_col-sm-12 vc_col-lg-9 vc_col-md-12\" id=\"customicon\"><div class=\"vc_column-inner\"><div class=\"wpb_wrapper\"><div class=\"mf-services-3 style-2\">\n                <div class=\"services-list clearfix\"><div class=\"vc_service-wrapper\"><span class=\"mf-icon\"><img loading=\"lazy\" decoding=\"async\" width=\"512\" height=\"512\" src=\"https:\/\/www.jhonpipeline.com\/wp-content\/uploads\/2025\/03\/social-responsibility.png\" class=\"img-icon\" alt=\"\" srcset=\"https:\/\/www.jhonpipeline.com\/wp-content\/uploads\/2025\/03\/social-responsibility.png 512w, https:\/\/www.jhonpipeline.com\/wp-content\/uploads\/2025\/03\/social-responsibility-300x300.png 300w, https:\/\/www.jhonpipeline.com\/wp-content\/uploads\/2025\/03\/social-responsibility-150x150.png 150w, https:\/\/www.jhonpipeline.com\/wp-content\/uploads\/2025\/03\/social-responsibility-90x90.png 90w\" sizes=\"auto, (max-width: 512px) 100vw, 512px\" \/><\/span><h3><a href=\"https:\/\/www.jhonpipeline.com\/fr\/values\/\" title=\"Nos Valeurs\">HUMILIT\u00c9<\/a><\/h3><\/div><div class=\"vc_service-wrapper\"><span class=\"mf-icon\"><img loading=\"lazy\" decoding=\"async\" width=\"512\" height=\"512\" src=\"https:\/\/www.jhonpipeline.com\/wp-content\/uploads\/2025\/03\/integrity.png\" class=\"img-icon\" alt=\"\" srcset=\"https:\/\/www.jhonpipeline.com\/wp-content\/uploads\/2025\/03\/integrity.png 512w, https:\/\/www.jhonpipeline.com\/wp-content\/uploads\/2025\/03\/integrity-300x300.png 300w, https:\/\/www.jhonpipeline.com\/wp-content\/uploads\/2025\/03\/integrity-150x150.png 150w, https:\/\/www.jhonpipeline.com\/wp-content\/uploads\/2025\/03\/integrity-90x90.png 90w\" sizes=\"auto, (max-width: 512px) 100vw, 512px\" \/><\/span><h3><a href=\"https:\/\/www.jhonpipeline.com\/fr\/values\/\" title=\"Nos Valeurs\">INT\u00c9GRIT\u00c9<\/a><\/h3><\/div><div class=\"vc_service-wrapper\"><span class=\"mf-icon\"><img loading=\"lazy\" decoding=\"async\" width=\"512\" height=\"512\" src=\"https:\/\/www.jhonpipeline.com\/wp-content\/uploads\/2025\/03\/ingenuity.png\" class=\"img-icon\" alt=\"\" srcset=\"https:\/\/www.jhonpipeline.com\/wp-content\/uploads\/2025\/03\/ingenuity.png 512w, https:\/\/www.jhonpipeline.com\/wp-content\/uploads\/2025\/03\/ingenuity-300x300.png 300w, https:\/\/www.jhonpipeline.com\/wp-content\/uploads\/2025\/03\/ingenuity-150x150.png 150w, https:\/\/www.jhonpipeline.com\/wp-content\/uploads\/2025\/03\/ingenuity-90x90.png 90w\" sizes=\"auto, (max-width: 512px) 100vw, 512px\" \/><\/span><h3><a href=\"https:\/\/www.jhonpipeline.com\/fr\/values\/\" title=\"Nos Valeurs\">ING\u00c9NIOSIT\u00c9 &amp; INNOVATION<\/a><\/h3><\/div><\/div>\n            <\/div><div class=\"mf-empty-space\" style=\"\"><div class=\"mf_empty_space_lg\"  style=\"height: 80px\"><\/div><div class=\"mf_empty_space_md\"  style=\"height: 50px\"><\/div><div class=\"mf_empty_space_xs\"  style=\"height: 50px\"><\/div><\/div><\/div><\/div><\/div><\/div><\/div><\/div><\/div><\/div><\/div><\/div>\n<\/div>","protected":false},"excerpt":{"rendered":"About UsJhon Pipeline JP is a company specializing in welding, industrial piping, pipeline installation, boiler making and industrial assembly. Our company prefabricates and installs piping systems for all types of fluids: gas, oil, steam, compressed air, water, chemicals and liquid foodstuffs. Our teams work in carbon steel and stainless steel. Our welders are constantly upgraded [...]","protected":false},"author":1,"featured_media":0,"parent":0,"menu_order":0,"comment_status":"closed","ping_status":"closed","template":"template-fullwidth.php","meta":{"footnotes":""},"class_list":["post-32","page","type-page","status-publish","hentry","no-thumb"],"_links":{"self":[{"href":"https:\/\/www.jhonpipeline.com\/fr\/wp-json\/wp\/v2\/pages\/32","targetHints":{"allow":["GET"]}}],"collection":[{"href":"https:\/\/www.jhonpipeline.com\/fr\/wp-json\/wp\/v2\/pages"}],"about":[{"href":"https:\/\/www.jhonpipeline.com\/fr\/wp-json\/wp\/v2\/types\/page"}],"author":[{"embeddable":true,"href":"https:\/\/www.jhonpipeline.com\/fr\/wp-json\/wp\/v2\/users\/1"}],"replies":[{"embeddable":true,"href":"https:\/\/www.jhonpipeline.com\/fr\/wp-json\/wp\/v2\/comments?post=32"}],"version-history":[{"count":20,"href":"https:\/\/www.jhonpipeline.com\/fr\/wp-json\/wp\/v2\/pages\/32\/revisions"}],"predecessor-version":[{"id":4183,"href":"https:\/\/www.jhonpipeline.com\/fr\/wp-json\/wp\/v2\/pages\/32\/revisions\/4183"}],"wp:attachment":[{"href":"https:\/\/www.jhonpipeline.com\/fr\/wp-json\/wp\/v2\/media?parent=32"}],"curies":[{"name":"wp","href":"https:\/\/api.w.org\/{rel}","templated":true}]}}